{"id":685,"date":"2022-11-12T19:11:05","date_gmt":"2022-11-12T18:11:05","guid":{"rendered":"http:\/\/jedlec.pl\/?page_id=685"},"modified":"2025-08-13T10:53:57","modified_gmt":"2025-08-13T08:53:57","slug":"szpitalny-odzial-rehabilitacyjny-nfz","status":"publish","type":"page","link":"https:\/\/jedlec.pl\/?page_id=685","title":{"rendered":"Szpitalny Odzia\u0142 Rehabilitacyjny NFZ"},"content":{"rendered":"\t\t<div data-elementor-type=\"wp-page\" data-elementor-id=\"685\" class=\"elementor elementor-685\" data-elementor-post-type=\"page\">\n\t\t\t\t\t\t<section class=\"elementor-section elementor-top-section elementor-element elementor-element-423b1c5 elementor-section-boxed elementor-section-height-default elementor-section-height-default\" data-id=\"423b1c5\" data-element_type=\"section\" data-e-type=\"section\">\n\t\t\t\t\t\t<div class=\"elementor-container elementor-column-gap-default\">\n\t\t\t\t\t<div class=\"elementor-column elementor-col-100 elementor-top-column elementor-element elementor-element-bd227cf\" data-id=\"bd227cf\" data-element_type=\"column\" data-e-type=\"column\">\n\t\t\t<div class=\"elementor-widget-wrap elementor-element-populated\">\n\t\t\t\t\t\t<div class=\"elementor-element elementor-element-079909d elementor-widget elementor-widget-heading\" data-id=\"079909d\" data-element_type=\"widget\" data-e-type=\"widget\" data-widget_type=\"heading.default\">\n\t\t\t\t<div class=\"elementor-widget-container\">\n\t\t\t\t\t<h2 class=\"elementor-heading-title elementor-size-default\">Szpitalny oddzia\u0142 rehabilitacyjny<\/h2>\t\t\t\t<\/div>\n\t\t\t\t<\/div>\n\t\t\t\t\t<\/div>\n\t\t<\/div>\n\t\t\t\t\t<\/div>\n\t\t<\/section>\n\t\t\t\t<section class=\"elementor-section elementor-top-section elementor-element elementor-element-30505eb elementor-section-boxed elementor-section-height-default elementor-section-height-default\" data-id=\"30505eb\" data-element_type=\"section\" data-e-type=\"section\">\n\t\t\t\t\t\t<div class=\"elementor-container elementor-column-gap-default\">\n\t\t\t\t\t<div class=\"elementor-column elementor-col-66 elementor-top-column elementor-element elementor-element-379d4f7\" data-id=\"379d4f7\" data-element_type=\"column\" data-e-type=\"column\">\n\t\t\t<div class=\"elementor-widget-wrap elementor-element-populated\">\n\t\t\t\t\t\t<div class=\"elementor-element elementor-element-0eb9346 elementor-widget elementor-widget-text-editor\" data-id=\"0eb9346\" data-element_type=\"widget\" data-e-type=\"widget\" data-widget_type=\"text-editor.default\">\n\t\t\t\t<div class=\"elementor-widget-container\">\n\t\t\t\t\t\t\t\t\t<h4>Stacjonarne ca\u0142odobowe \u015bwiadczenie szpitalne NFZ<\/h4><p>Kod Kom\u00f3rki: 4300<\/p><p>Skierowanie na rehabilitacj\u0119 og\u00f3lnoustrojow\u0105 jest wystawiane przez:<\/p><ul><li><span style=\"font-size: 16px;\">lekarzy oddzia\u0142\u00f3w urazowo-ortopedycznych, chirurgicznych, neurochirurgicznych, neurologicznych, reumatologicznych, chor\u00f3b wewn\u0119trznych, onkologicznych, ginekologicznych, urologicznych, pediatrycznych, kardiologicznych i geriatrycznych,<\/span><\/li><li><span style=\"font-size: 16px;\">w przypadku zaostrze\u0144 chor\u00f3b przewlek\u0142ych przez lekarza poradni rehabilitacyjnej, urazowo-ortopedycznej, neurologicznej i reumatologicznej.<\/span><\/li><li><span style=\"font-size: 16px;\">Czas trwania rehabilitacji og\u00f3lnoustrojowej wynosi do 6 tygodni.<\/span><\/li><\/ul>\t\t\t\t\t\t\t\t<\/div>\n\t\t\t\t<\/div>\n\t\t\t\t\t<\/div>\n\t\t<\/div>\n\t\t\t\t<div class=\"elementor-column elementor-col-33 elementor-top-column elementor-element elementor-element-2a17307\" data-id=\"2a17307\" data-element_type=\"column\" data-e-type=\"column\">\n\t\t\t<div class=\"elementor-widget-wrap elementor-element-populated\">\n\t\t\t\t\t\t<div class=\"elementor-element elementor-element-fd59d2f elementor-widget elementor-widget-image\" data-id=\"fd59d2f\" data-element_type=\"widget\" data-e-type=\"widget\" data-widget_type=\"image.default\">\n\t\t\t\t<div class=\"elementor-widget-container\">\n\t\t\t\t\t\t\t\t\t\t\t\t\t\t\t<img fetchpriority=\"high\" decoding=\"async\" width=\"768\" height=\"576\" src=\"https:\/\/jedlec.pl\/wp-content\/uploads\/2025\/08\/IMG20240911103034-768x576.jpg\" class=\"attachment-medium_large size-medium_large wp-image-3713\" alt=\"\" srcset=\"https:\/\/jedlec.pl\/wp-content\/uploads\/2025\/08\/IMG20240911103034-768x576.jpg 768w, https:\/\/jedlec.pl\/wp-content\/uploads\/2025\/08\/IMG20240911103034-300x225.jpg 300w, https:\/\/jedlec.pl\/wp-content\/uploads\/2025\/08\/IMG20240911103034-1024x768.jpg 1024w, https:\/\/jedlec.pl\/wp-content\/uploads\/2025\/08\/IMG20240911103034-1536x1152.jpg 1536w, https:\/\/jedlec.pl\/wp-content\/uploads\/2025\/08\/IMG20240911103034-2048x1536.jpg 2048w\" sizes=\"(max-width: 768px) 100vw, 768px\" \/>\t\t\t\t\t\t\t\t\t\t\t\t\t\t\t<\/div>\n\t\t\t\t<\/div>\n\t\t\t\t\t<\/div>\n\t\t<\/div>\n\t\t\t\t\t<\/div>\n\t\t<\/section>\n\t\t\t\t<section class=\"elementor-section elementor-top-section elementor-element elementor-element-5b168f9 elementor-section-boxed elementor-section-height-default elementor-section-height-default\" data-id=\"5b168f9\" data-element_type=\"section\" data-e-type=\"section\">\n\t\t\t\t\t\t<div class=\"elementor-container elementor-column-gap-default\">\n\t\t\t\t\t<div class=\"elementor-column elementor-col-100 elementor-top-column elementor-element elementor-element-7cdff5f\" data-id=\"7cdff5f\" data-element_type=\"column\" data-e-type=\"column\">\n\t\t\t<div class=\"elementor-widget-wrap elementor-element-populated\">\n\t\t\t\t\t\t<div class=\"elementor-element elementor-element-d019494 elementor-widget elementor-widget-text-editor\" data-id=\"d019494\" data-element_type=\"widget\" data-e-type=\"widget\" data-widget_type=\"text-editor.default\">\n\t\t\t\t<div class=\"elementor-widget-container\">\n\t\t\t\t\t\t\t\t\t<p>Przebieg realizacji \u015bwiadcze\u0144 zdrowotnych:<\/p>\n<ul>\n<li><span style=\"font-size: 16px;\">\u015awiadczenia zdrowotne udzielane w warunkach stacjonarnych przeznaczone s\u0105 dla pacjent\u00f3w, kt\u00f3rzy ze wzgl\u0119du na kontynuacj\u0119 leczenia wymagaj\u0105 stosowania kompleksowych czynno\u015bci rehabilitacyjnych oraz ca\u0142odobowego nadzoru medycznego.<\/span><\/li>\n<li><span style=\"font-size: 16px;\">Pacjent zg\u0142asza si\u0119 do recepcji gdzie zostaje zameldowany, otrzymuje przydzia\u0142 pokoju oraz wst\u0119pne informacje o wizycie w gabinecie piel\u0119gniarskim i topografii Centrum.<\/span><\/li>\n<li><span style=\"font-size: 16px;\">Wizyta w gabinecie piel\u0119gniarskim i lekarskim w dniu przyjazdu pacjenta, je\u017celi przyjazd nast\u0119puje w godzinach wieczornych badanie wst\u0119pne odbywa si\u0119 nast\u0119pnego dnia rano.<\/span><\/li>\n<li><span style=\"font-size: 16px;\">Wymagana dokumentacja pacjenta.<\/span><\/li>\n<li><span style=\"font-size: 16px;\">Po wizycie w gabinecie piel\u0119gniarskim i badaniu wst\u0119pnym lekarskim, powstaje indywidualny plan opieki, kt\u00f3ry obejmuje: zabiegi rehabilitacyjne, farmakoterapi\u0119, diagnostyk\u0119 (pomiar ci\u015bnienia, ekg, pomiar poziomu cukru we krwi), konsultacje specjalistyczne, zalecan\u0105 diet\u0119).<\/span><\/li>\n<li><span style=\"font-size: 16px;\">Pacjent przed przyst\u0105pieniem do zabieg\u00f3w, otrzymuje szczeg\u00f3\u0142owe informacje dotycz\u0105ce przebiegu leczenia, zwykle w drugim dniu pobytu.<\/span><\/li>\n<li><span style=\"font-size: 16px;\">Pacjent obj\u0119ty jest ca\u0142odobow\u0105 opiek\u0105 medyczn\u0105.<\/span><\/li>\n<li><span style=\"font-size: 16px;\">Badania i zabiegi niezb\u0119dne do realizacji indywidualnego programu leczenia i rehabilitacji, kt\u00f3rych Centrum nie realizuje we w\u0142asnym zakresie, zakupuje w innych podmiotach wykonuj\u0105cych dzia\u0142alno\u015b\u0107 lecznicz\u0105.<\/span><\/li>\n<li><span style=\"font-size: 16px;\">Konsultacje specjalistyczne przeprowadzane s\u0105 na zlecenie lekarza prowadz\u0105cego.<\/span><\/li>\n<li><span style=\"font-size: 16px;\">W po\u0142owie procesu leczenia, lekarz prowadz\u0105cy przeprowadza badania kontrolne, kt\u00f3re ma na celu monitorowanie przebiegu procesu rehabilitacji i wprowadzenie ewentualnych zmian w indywidualnym planie leczenia.<\/span><\/li><li><span style=\"font-size: 16px;\">W godzinach wieczornych przeprowadzany jest obch\u00f3d medyczny.<\/span><\/li>\n<li><span style=\"font-size: 16px;\">W trakcie pobytu pacjent korzysta z porady psychologa na zlecenie lekarza lub na w\u0142asne \u017cyczenie. Badanie, porada i terapia komplementuje proces rehabilitacji.<\/span><\/li>\n<li><span style=\"font-size: 16px;\">Pacjent obj\u0119ty jest programem promocji zdrowia i edukacji zdrowotnej (pogadanki, rozmowy indywidualne).<\/span><\/li>\n<li><span style=\"font-size: 16px;\">Proces rehabilitacji zostaje zako\u0144czony wypisowym badaniem lekarskim i ocen\u0105 efektu terapeutycznego ca\u0142ego procesu odbytej rehabilitacji.<\/span><\/li>\n<li><span style=\"font-size: 16px;\">Lekarz dokonuje wypisu z zaleceniami dotycz\u0105cymi kontynuacji leczenia po opuszczeniu Centrum.<\/span><\/li>\n<li><span style=\"font-size: 16px;\">Przed opuszczeniem Centrum pacjent otrzymuje wypis (kart\u0119 informacyjn\u0105) i zostaje zameldowany w recepcji.<\/span><\/li>\n<\/ul>\t\t\t\t\t\t\t\t<\/div>\n\t\t\t\t<\/div>\n\t\t\t\t\t<\/div>\n\t\t<\/div>\n\t\t\t\t\t<\/div>\n\t\t<\/section>\n\t\t\t\t<section class=\"elementor-section elementor-top-section elementor-element elementor-element-2b45cb1 elementor-section-boxed elementor-section-height-default elementor-section-height-default\" data-id=\"2b45cb1\" data-element_type=\"section\" data-e-type=\"section\">\n\t\t\t\t\t\t<div class=\"elementor-container elementor-column-gap-default\">\n\t\t\t\t\t<div class=\"elementor-column elementor-col-100 elementor-top-column elementor-element elementor-element-8753777\" data-id=\"8753777\" data-element_type=\"column\" data-e-type=\"column\">\n\t\t\t<div class=\"elementor-widget-wrap elementor-element-populated\">\n\t\t\t\t\t\t<div class=\"elementor-element elementor-element-f4b7bc9 elementor-widget elementor-widget-text-editor\" data-id=\"f4b7bc9\" data-element_type=\"widget\" data-e-type=\"widget\" data-widget_type=\"text-editor.default\">\n\t\t\t\t<div class=\"elementor-widget-container\">\n\t\t\t\t\t\t\t\t\t<p><strong>Uwaga!\u00a0<\/strong><\/p><p><strong>Pierwszym posi\u0142kiem jest obiad w dniu przyj\u0119cia, a ostatnim \u015bniadanie w dniu wypisu.\u00a0<\/strong><\/p><p><strong>Pacjent zobowi\u0105zany jest do opuszczenia pokoju w dniu wypisu do godz. 10.00\u00a0<\/strong><\/p>\t\t\t\t\t\t\t\t<\/div>\n\t\t\t\t<\/div>\n\t\t\t\t\t<\/div>\n\t\t<\/div>\n\t\t\t\t\t<\/div>\n\t\t<\/section>\n\t\t\t\t<\/div>\n\t\t","protected":false},"excerpt":{"rendered":"<p>Szpitalny oddzia\u0142 rehabilitacyjny Stacjonarne ca\u0142odobowe \u015bwiadczenie szpitalne NFZ Kod Kom\u00f3rki: 4300 Skierowanie na rehabilitacj\u0119 og\u00f3lnoustrojow\u0105 jest wystawiane przez: lekarzy oddzia\u0142\u00f3w urazowo-ortopedycznych, chirurgicznych, neurochirurgicznych, neurologicznych, reumatologicznych, chor\u00f3b wewn\u0119trznych, onkologicznych, ginekologicznych, urologicznych, pediatrycznych, kardiologicznych i geriatrycznych, w przypadku zaostrze\u0144 chor\u00f3b przewlek\u0142ych przez lekarza poradni rehabilitacyjnej, urazowo-ortopedycznej, neurologicznej i reumatologicznej. Czas trwania rehabilitacji og\u00f3lnoustrojowej wynosi do 6 tygodni. [&hellip;]<\/p>\n","protected":false},"author":1,"featured_media":0,"parent":0,"menu_order":0,"comment_status":"closed","ping_status":"closed","template":"","meta":{"site-sidebar-layout":"no-sidebar","site-content-layout":"page-builder","ast-site-content-layout":"","site-content-style":"default","site-sidebar-style":"default","ast-global-header-display":"","ast-banner-title-visibility":"","ast-main-header-display":"","ast-hfb-above-header-display":"","ast-hfb-below-header-display":"","ast-hfb-mobile-header-display":"","site-post-title":"disabled","ast-breadcrumbs-content":"","ast-featured-img":"disabled","footer-sml-layout":"","theme-transparent-header-meta":"","adv-header-id-meta":"","stick-header-meta":"","header-above-stick-meta":"","header-main-stick-meta":"","header-below-stick-meta":"","astra-migrate-meta-layouts":"default","ast-page-background-enabled":"default","ast-page-background-meta":{"desktop":{"background-color":"","background-image":"","background-repeat":"repeat","background-position":"center center","background-size":"auto","background-attachment":"scroll","background-type":"","background-media":"","overlay-type":"","overlay-color":"","overlay-opacity":"","overlay-gradient":""},"tablet":{"background-color":"","background-image":"","background-repeat":"repeat","background-position":"center center","background-size":"auto","background-attachment":"scroll","background-type":"","background-media":"","overlay-type":"","overlay-color":"","overlay-opacity":"","overlay-gradient":""},"mobile":{"background-color":"","background-image":"","background-repeat":"repeat","background-position":"center center","background-size":"auto","background-attachment":"scroll","background-type":"","background-media":"","overlay-type":"","overlay-color":"","overlay-opacity":"","overlay-gradient":""}},"ast-content-background-meta":{"desktop":{"background-color":"var(--ast-global-color-5)","background-image":"","background-repeat":"repeat","background-position":"center center","background-size":"auto","background-attachment":"scroll","background-type":"","background-media":"","overlay-type":"","overlay-color":"","overlay-opacity":"","overlay-gradient":""},"tablet":{"background-color":"var(--ast-global-color-5)","background-image":"","background-repeat":"repeat","background-position":"center center","background-size":"auto","background-attachment":"scroll","background-type":"","background-media":"","overlay-type":"","overlay-color":"","overlay-opacity":"","overlay-gradient":""},"mobile":{"background-color":"var(--ast-global-color-5)","background-image":"","background-repeat":"repeat","background-position":"center center","background-size":"auto","background-attachment":"scroll","background-type":"","background-media":"","overlay-type":"","overlay-color":"","overlay-opacity":"","overlay-gradient":""}},"footnotes":""},"class_list":["post-685","page","type-page","status-publish","hentry"],"_links":{"self":[{"href":"https:\/\/jedlec.pl\/index.php?rest_route=\/wp\/v2\/pages\/685","targetHints":{"allow":["GET"]}}],"collection":[{"href":"https:\/\/jedlec.pl\/index.php?rest_route=\/wp\/v2\/pages"}],"about":[{"href":"https:\/\/jedlec.pl\/index.php?rest_route=\/wp\/v2\/types\/page"}],"author":[{"embeddable":true,"href":"https:\/\/jedlec.pl\/index.php?rest_route=\/wp\/v2\/users\/1"}],"replies":[{"embeddable":true,"href":"https:\/\/jedlec.pl\/index.php?rest_route=%2Fwp%2Fv2%2Fcomments&post=685"}],"version-history":[{"count":14,"href":"https:\/\/jedlec.pl\/index.php?rest_route=\/wp\/v2\/pages\/685\/revisions"}],"predecessor-version":[{"id":3716,"href":"https:\/\/jedlec.pl\/index.php?rest_route=\/wp\/v2\/pages\/685\/revisions\/3716"}],"wp:attachment":[{"href":"https:\/\/jedlec.pl\/index.php?rest_route=%2Fwp%2Fv2%2Fmedia&parent=685"}],"curies":[{"name":"wp","href":"https:\/\/api.w.org\/{rel}","templated":true}]}}